{"id":652,"date":"2023-05-09T10:14:51","date_gmt":"2023-05-09T14:14:51","guid":{"rendered":"https:\/\/fredimmo.ca\/?page_id=652"},"modified":"2023-05-09T10:16:24","modified_gmt":"2023-05-09T14:16:24","slug":"saint-lambert","status":"publish","type":"page","link":"https:\/\/fredimmo.ca\/en\/saint-lambert\/","title":{"rendered":"(Fran\u00e7ais) Saint-Lambert"},"content":{"rendered":"","protected":false},"excerpt":{"rendered":"","protected":false},"author":121,"featured_media":0,"parent":0,"menu_order":0,"comment_status":"closed","ping_status":"closed","template":"page-templates\/advanced_page.php","meta":{"_acf_changed":false,"footnotes":""},"class_list":["post-652","page","type-page","status-publish","hentry"],"acf":[],"yoast_head":"<!-- This site is optimized with the Yoast SEO plugin v26.7 - https:\/\/yoast.com\/wordpress\/plugins\/seo\/ -->\n<title>(Fran\u00e7ais) Saint-Lambert - Fr\u00e9d\u00e9ric Augustincic - Royal Lepage<\/title>\n<meta name=\"robots\" content=\"index, follow, max-snippet:-1, max-image-preview:large, max-video-preview:-1\" \/>\n<link rel=\"canonical\" href=\"https:\/\/fredimmo.ca\/saint-lambert\/\" \/>\n<meta property=\"og:locale\" content=\"en_US\" \/>\n<meta property=\"og:type\" content=\"article\" \/>\n<meta property=\"og:title\" content=\"(Fran\u00e7ais) Saint-Lambert - Fr\u00e9d\u00e9ric Augustincic - Royal Lepage\" \/>\n<meta property=\"og:url\" content=\"https:\/\/fredimmo.ca\/saint-lambert\/\" \/>\n<meta property=\"og:site_name\" content=\"Fr\u00e9d\u00e9ric Augustincic - Royal Lepage\" \/>\n<meta property=\"article:modified_time\" content=\"2023-05-09T14:16:24+00:00\" \/>\n<meta property=\"og:image\" content=\"https:\/\/fredimmo.ca\/files\/2023\/05\/header_kamelo.jpg\" \/>\n<meta name=\"twitter:card\" content=\"summary_large_image\" \/>\n<meta name=\"twitter:image\" content=\"https:\/\/fredimmo.ca\/files\/2023\/05\/header_kamelo.jpg\" \/>\n<script type=\"application\/ld+json\" class=\"yoast-schema-graph\">{\"@context\":\"https:\/\/schema.org\",\"@graph\":[{\"@type\":\"WebPage\",\"@id\":\"https:\/\/fredimmo.ca\/saint-lambert\/\",\"url\":\"https:\/\/fredimmo.ca\/saint-lambert\/\",\"name\":\"[:fr]Saint-Lambert[:] - Fr\u00e9d\u00e9ric Augustincic - Royal Lepage\",\"isPartOf\":{\"@id\":\"https:\/\/fredimmo.ca\/#website\"},\"datePublished\":\"2023-05-09T14:14:51+00:00\",\"dateModified\":\"2023-05-09T14:16:24+00:00\",\"breadcrumb\":{\"@id\":\"https:\/\/fredimmo.ca\/saint-lambert\/#breadcrumb\"},\"inLanguage\":\"en-US\",\"potentialAction\":[{\"@type\":\"ReadAction\",\"target\":[\"https:\/\/fredimmo.ca\/saint-lambert\/\"]}]},{\"@type\":\"BreadcrumbList\",\"@id\":\"https:\/\/fredimmo.ca\/saint-lambert\/#breadcrumb\",\"itemListElement\":[{\"@type\":\"ListItem\",\"position\":1,\"name\":\"Accueil\",\"item\":\"https:\/\/fredimmo.ca\/\"},{\"@type\":\"ListItem\",\"position\":2,\"name\":\"Saint-Lambert\"}]},{\"@type\":\"WebSite\",\"@id\":\"https:\/\/fredimmo.ca\/#website\",\"url\":\"https:\/\/fredimmo.ca\/\",\"name\":\"Fr\u00e9d\u00e9ric Augustincic - Royal Lepage\",\"description\":\"Real Estate broker\",\"potentialAction\":[{\"@type\":\"SearchAction\",\"target\":{\"@type\":\"EntryPoint\",\"urlTemplate\":\"https:\/\/fredimmo.ca\/?s={search_term_string}\"},\"query-input\":{\"@type\":\"PropertyValueSpecification\",\"valueRequired\":true,\"valueName\":\"search_term_string\"}}],\"inLanguage\":\"en-US\"}]}<\/script>\n<!-- \/ Yoast SEO plugin. -->","yoast_head_json":{"title":"(Fran\u00e7ais) Saint-Lambert - Fr\u00e9d\u00e9ric Augustincic - Royal Lepage","robots":{"index":"index","follow":"follow","max-snippet":"max-snippet:-1","max-image-preview":"max-image-preview:large","max-video-preview":"max-video-preview:-1"},"canonical":"https:\/\/fredimmo.ca\/saint-lambert\/","og_locale":"en_US","og_type":"article","og_title":"(Fran\u00e7ais) Saint-Lambert - Fr\u00e9d\u00e9ric Augustincic - Royal Lepage","og_url":"https:\/\/fredimmo.ca\/saint-lambert\/","og_site_name":"Fr\u00e9d\u00e9ric Augustincic - Royal Lepage","article_modified_time":"2023-05-09T14:16:24+00:00","og_image":[{"url":"https:\/\/fredimmo.ca\/files\/2023\/05\/header_kamelo.jpg","type":"","width":"","height":""}],"twitter_card":"summary_large_image","twitter_image":"https:\/\/fredimmo.ca\/files\/2023\/05\/header_kamelo.jpg","schema":{"@context":"https:\/\/schema.org","@graph":[{"@type":"WebPage","@id":"https:\/\/fredimmo.ca\/saint-lambert\/","url":"https:\/\/fredimmo.ca\/saint-lambert\/","name":"[:fr]Saint-Lambert[:] - Fr\u00e9d\u00e9ric Augustincic - Royal Lepage","isPartOf":{"@id":"https:\/\/fredimmo.ca\/#website"},"datePublished":"2023-05-09T14:14:51+00:00","dateModified":"2023-05-09T14:16:24+00:00","breadcrumb":{"@id":"https:\/\/fredimmo.ca\/saint-lambert\/#breadcrumb"},"inLanguage":"en-US","potentialAction":[{"@type":"ReadAction","target":["https:\/\/fredimmo.ca\/saint-lambert\/"]}]},{"@type":"BreadcrumbList","@id":"https:\/\/fredimmo.ca\/saint-lambert\/#breadcrumb","itemListElement":[{"@type":"ListItem","position":1,"name":"Accueil","item":"https:\/\/fredimmo.ca\/"},{"@type":"ListItem","position":2,"name":"Saint-Lambert"}]},{"@type":"WebSite","@id":"https:\/\/fredimmo.ca\/#website","url":"https:\/\/fredimmo.ca\/","name":"Fr\u00e9d\u00e9ric Augustincic - Royal Lepage","description":"Real Estate broker","potentialAction":[{"@type":"SearchAction","target":{"@type":"EntryPoint","urlTemplate":"https:\/\/fredimmo.ca\/?s={search_term_string}"},"query-input":{"@type":"PropertyValueSpecification","valueRequired":true,"valueName":"search_term_string"}}],"inLanguage":"en-US"}]}},"_links":{"self":[{"href":"https:\/\/fredimmo.ca\/en\/wp-json\/wp\/v2\/pages\/652","targetHints":{"allow":["GET"]}}],"collection":[{"href":"https:\/\/fredimmo.ca\/en\/wp-json\/wp\/v2\/pages"}],"about":[{"href":"https:\/\/fredimmo.ca\/en\/wp-json\/wp\/v2\/types\/page"}],"author":[{"embeddable":true,"href":"https:\/\/fredimmo.ca\/en\/wp-json\/wp\/v2\/users\/121"}],"replies":[{"embeddable":true,"href":"https:\/\/fredimmo.ca\/en\/wp-json\/wp\/v2\/comments?post=652"}],"version-history":[{"count":2,"href":"https:\/\/fredimmo.ca\/en\/wp-json\/wp\/v2\/pages\/652\/revisions"}],"predecessor-version":[{"id":655,"href":"https:\/\/fredimmo.ca\/en\/wp-json\/wp\/v2\/pages\/652\/revisions\/655"}],"wp:attachment":[{"href":"https:\/\/fredimmo.ca\/en\/wp-json\/wp\/v2\/media?parent=652"}],"curies":[{"name":"wp","href":"https:\/\/api.w.org\/{rel}","templated":true}]}}